{"id":6242,"date":"2021-04-04T08:29:42","date_gmt":"2021-04-04T08:29:42","guid":{"rendered":"https:\/\/latgoma.ch\/?page_id=6242"},"modified":"2025-01-23T09:55:54","modified_gmt":"2025-01-23T09:55:54","slug":"home-2","status":"publish","type":"page","link":"https:\/\/latgoma.ch\/en\/","title":{"rendered":"Home"},"content":{"rendered":"<p>Dies ist ein Beispiel einer statischen Seite. Sie k\u00f6nnen sie bearbeiten und beispielsweise Infos \u00fcber Sie oder ihre Website eingeben, damit die Leser wissen, woher Sie kommen und was Sie machen.<\/p>\n<p>Sie k\u00f6nnen entweder beliebig viele Hauptseiten (wie diese hier) anlegen \u2013 oder auch Unterseiten, die sich in der Hierachiestruktur den Hauptseiten unterordnen. Sie k\u00f6nnen diese alle innerhalb von WordPress \u00e4ndern und verwalten.<\/p>\n<p>Als stolzer Besitzer einer neuen WordPress-Seite sollten Sie jetzt zur \u00dcbersichtsseite, dem <a href=\"https:\/\/latgoma.ch\/wp-admin\/\">Dashboard<\/a> gehen, diese Seite hier l\u00f6schen und damit loslegen, eigene Inhalte zu erstellen. Viel Spass!<\/p>\n","protected":false},"excerpt":{"rendered":"<p>Dies ist ein Beispiel einer statischen Seite. Sie k\u00f6nnen sie bearbeiten und beispielsweise Infos \u00fcber Sie oder ihre Website eingeben, damit die Leser wissen, woher Sie kommen und was Sie machen. Sie k\u00f6nnen entweder beliebig viele Hauptseiten (wie diese hier) anlegen \u2013 oder auch Unterseiten, die sich in der Hierachiestruktur den Hauptseiten unterordnen. Sie k\u00f6nnen &hellip; <a href=\"https:\/\/latgoma.ch\/en\/\">Continued<\/a><\/p>\n","protected":false},"author":9,"featured_media":0,"parent":0,"menu_order":0,"comment_status":"closed","ping_status":"closed","template":"","meta":{"_acf_changed":false,"inline_featured_image":false,"footnotes":""},"acf":[],"_links":{"self":[{"href":"https:\/\/latgoma.ch\/en\/wp-json\/wp\/v2\/pages\/6242"}],"collection":[{"href":"https:\/\/latgoma.ch\/en\/wp-json\/wp\/v2\/pages"}],"about":[{"href":"https:\/\/latgoma.ch\/en\/wp-json\/wp\/v2\/types\/page"}],"author":[{"embeddable":true,"href":"https:\/\/latgoma.ch\/en\/wp-json\/wp\/v2\/users\/9"}],"replies":[{"embeddable":true,"href":"https:\/\/latgoma.ch\/en\/wp-json\/wp\/v2\/comments?post=6242"}],"version-history":[{"count":78,"href":"https:\/\/latgoma.ch\/en\/wp-json\/wp\/v2\/pages\/6242\/revisions"}],"predecessor-version":[{"id":10528,"href":"https:\/\/latgoma.ch\/en\/wp-json\/wp\/v2\/pages\/6242\/revisions\/10528"}],"wp:attachment":[{"href":"https:\/\/latgoma.ch\/en\/wp-json\/wp\/v2\/media?parent=6242"}],"curies":[{"name":"wp","href":"https:\/\/api.w.org\/{rel}","templated":true}]}}